{"id":8,"date":"2023-12-10T21:23:16","date_gmt":"2023-12-10T20:23:16","guid":{"rendered":"https:\/\/cozyroom.press\/?page_id=8"},"modified":"2024-10-14T00:02:11","modified_gmt":"2024-10-13T22:02:11","slug":"a-propos","status":"publish","type":"page","link":"https:\/\/cozyroom.press\/?page_id=8","title":{"rendered":"\u00c0 propos"},"content":{"rendered":"\n<figure class=\"wp-block-pullquote has-small-font-size\"><blockquote><p>Le blog Cozy Room se consacre \u00e0 l\u2019\u00e9dification chr\u00e9tienne en prenant J\u00e9sus-Christ comme mod\u00e8le. Il aborde la vie en tant que disciple de J\u00e9sus, les d\u00e9fis et les difficult\u00e9s que nous rencontrons ainsi que les moyens de les surmonter gr\u00e2ce \u00e0 la Parole de Dieu. Il est \u00e9galement question de parler de Christ, de sa personne et de sa nature.<br><br>Ce blog a \u00e9t\u00e9 con\u00e7u dans l\u2019espoir de cr\u00e9er un espace douillet et accueillant, semblable \u00e0 une salle de s\u00e9jour confortable (Cozy Room) o\u00f9 l\u2019on peut s\u2019asseoir pour r\u00e9fl\u00e9chir et partager des id\u00e9es.<br><br>Si tu imagines ta propre conception d\u2019une Cozy Room, peu importe tes pr\u00e9f\u00e9rences esth\u00e9tiques ou ton style personnel, tu chercheras probablement \u00e0 recr\u00e9er cette ambiance apaisante, accueillante, douillette. Tu te sentiras prot\u00e9g\u00e9, bien install\u00e9, entour\u00e9 par une atmosph\u00e8re agr\u00e9able, b\u00e9n\u00e9ficiant d\u2019un sentiment de contentement et de tranquillit\u00e9.<br><br>Cette illustration \u00e9voque une personne qui demeure sous l&#8217;abri du Tr\u00e8s-Haut, \u00e0 l&#8217;ombre du Tout-Puissant (Psaumes 91:1). Puisqu&#8217;en tant que chr\u00e9tiens, notre vie est cach\u00e9e avec Christ en Dieu (Colossiens 3:3). Laisse ton imagination te transporter vers cette sensation de s\u00e9curit\u00e9 et de bien-\u00eatre.<br><br>Je te souhaite donc la bienvenue, chez moi, chez nous. Sens-toi \u00e0 l\u2019aise, et, une fois de plus, bienvenue dans la Cozy Room\u2009!<\/p><\/blockquote><\/figure>\n\n\n\n<p><\/p>\n","protected":false},"excerpt":{"rendered":"<p>Le blog Cozy Room se consacre \u00e0 l\u2019\u00e9dification chr\u00e9tienne en prenant J\u00e9sus-Christ comme mod\u00e8le. Il aborde la vie en tant que disciple de J\u00e9sus, les d\u00e9fis et les difficult\u00e9s que nous rencontrons ainsi que les moyens de les surmonter gr\u00e2ce \u00e0 la Parole de Dieu. Il est \u00e9galement question de parler de Christ, de sa&#8230;<\/p>\n","protected":false},"author":1,"featured_media":0,"parent":0,"menu_order":0,"comment_status":"closed","ping_status":"closed","template":"","meta":{"_kad_post_transparent":"","_kad_post_title":"","_kad_post_layout":"","_kad_post_sidebar_id":"","_kad_post_content_style":"","_kad_post_vertical_padding":"","_kad_post_feature":"","_kad_post_feature_position":"","_kad_post_header":false,"_kad_post_footer":false,"_kad_post_classname":"","footnotes":""},"class_list":["post-8","page","type-page","status-publish","hentry"],"_links":{"self":[{"href":"https:\/\/cozyroom.press\/index.php?rest_route=\/wp\/v2\/pages\/8"}],"collection":[{"href":"https:\/\/cozyroom.press\/index.php?rest_route=\/wp\/v2\/pages"}],"about":[{"href":"https:\/\/cozyroom.press\/index.php?rest_route=\/wp\/v2\/types\/page"}],"author":[{"embeddable":true,"href":"https:\/\/cozyroom.press\/index.php?rest_route=\/wp\/v2\/users\/1"}],"replies":[{"embeddable":true,"href":"https:\/\/cozyroom.press\/index.php?rest_route=%2Fwp%2Fv2%2Fcomments&post=8"}],"version-history":[{"count":16,"href":"https:\/\/cozyroom.press\/index.php?rest_route=\/wp\/v2\/pages\/8\/revisions"}],"predecessor-version":[{"id":380,"href":"https:\/\/cozyroom.press\/index.php?rest_route=\/wp\/v2\/pages\/8\/revisions\/380"}],"wp:attachment":[{"href":"https:\/\/cozyroom.press\/index.php?rest_route=%2Fwp%2Fv2%2Fmedia&parent=8"}],"curies":[{"name":"wp","href":"https:\/\/api.w.org\/{rel}","templated":true}]}}